{"id":9925,"date":"2021-08-19T16:56:33","date_gmt":"2021-08-19T16:56:33","guid":{"rendered":"https:\/\/pipsicologiaintegral.com\/?page_id=9925"},"modified":"2021-11-02T23:53:13","modified_gmt":"2021-11-02T23:53:13","slug":"talleres-y-cursos","status":"publish","type":"page","link":"https:\/\/pipsicologiaintegral.com\/en\/talleres-y-cursos\/","title":{"rendered":"Courses and workshops"},"content":{"rendered":"<p class=\"has-text-align-justify has-medium-font-size\">Whether for schools or companies, on-line or in our own facilities, we offer courses and workshops for people of all ages, related to:<\/p>\n\n\n\n<ul class=\"has-medium-font-size wp-block-list\"><li>Thanatology<\/li><li>Addictions<\/li><li>Violence<\/li><li>Adolescence<\/li><li>Mental health<\/li><li>Leadership<\/li><li>Parenting school<\/li><li>Closing cycles<\/li><li>Inclusion<\/li><li>Harassment<\/li><li>Stress management&nbsp;<\/li><li>Teamwork<\/li><li>Emotional intelligence<\/li><li>Assertiveness<\/li><li>Pain management<\/li><li>Emotional and intellectual resistances<\/li><li>Gender and sexuality<\/li><\/ul>","protected":false},"excerpt":{"rendered":"<p>Ya sea para escuelas o empresas, en l\u00ednea o en nuestras propias instalaciones, impartimos cursos y talleres para personas de todas las edades, enfocados en los siguientes temas: Tanatolog\u00eda Adicciones Violencia Adolescencia Salud mental Liderazgo Escuela para padres Cerrar ciclos Inclusi\u00f3n Acoso Manejo de estr\u00e9s&nbsp; Trabajo en equipo Inteligencia emocional Asertividad Manejo del dolor Resistencias [&hellip;]<\/p>\n","protected":false},"author":3,"featured_media":0,"parent":0,"menu_order":0,"comment_status":"closed","ping_status":"closed","template":"","meta":{"nf_dc_page":"","om_disable_all_campaigns":false,"_monsterinsights_skip_tracking":false,"_monsterinsights_sitenote_active":false,"_monsterinsights_sitenote_note":"","_monsterinsights_sitenote_category":0,"footnotes":""},"class_list":["post-9925","page","type-page","status-publish","hentry"],"aioseo_notices":[],"jetpack-related-posts":[{"id":20,"url":"https:\/\/pipsicologiaintegral.com\/en\/servicios\/","url_meta":{"origin":9925,"position":0},"title":"Services","author":"lpatriciamendez","date":"July 5, 2021","format":false,"excerpt":"Pi Psicolog\u00eda Integral es una cl\u00ednica especializada comprometida con la salud mental, que ofrece servicios de psicoterapia a personas de todas las edades, as\u00ed como a empresas y a escuelas. Adem\u00e1s, ofrecemos cursos y talleres sobre una variedad de temas. \u00a1Conoce nuestros servicios! Psicoterapia Pi en tu empresa Pi en\u2026","rel":"","context":"Similar post","block_context":{"text":"Similar post","link":""},"img":{"alt_text":"","src":"","width":0,"height":0},"classes":[]}],"jetpack_sharing_enabled":true,"jetpack_likes_enabled":true,"_links":{"self":[{"href":"https:\/\/pipsicologiaintegral.com\/en\/wp-json\/wp\/v2\/pages\/9925","targetHints":{"allow":["GET"]}}],"collection":[{"href":"https:\/\/pipsicologiaintegral.com\/en\/wp-json\/wp\/v2\/pages"}],"about":[{"href":"https:\/\/pipsicologiaintegral.com\/en\/wp-json\/wp\/v2\/types\/page"}],"author":[{"embeddable":true,"href":"https:\/\/pipsicologiaintegral.com\/en\/wp-json\/wp\/v2\/users\/3"}],"replies":[{"embeddable":true,"href":"https:\/\/pipsicologiaintegral.com\/en\/wp-json\/wp\/v2\/comments?post=9925"}],"version-history":[{"count":3,"href":"https:\/\/pipsicologiaintegral.com\/en\/wp-json\/wp\/v2\/pages\/9925\/revisions"}],"predecessor-version":[{"id":11476,"href":"https:\/\/pipsicologiaintegral.com\/en\/wp-json\/wp\/v2\/pages\/9925\/revisions\/11476"}],"wp:attachment":[{"href":"https:\/\/pipsicologiaintegral.com\/en\/wp-json\/wp\/v2\/media?parent=9925"}],"curies":[{"name":"wp","href":"https:\/\/api.w.org\/{rel}","templated":true}]}}