{"id":9912,"date":"2021-08-19T01:15:45","date_gmt":"2021-08-19T01:15:45","guid":{"rendered":"https:\/\/pipsicologiaintegral.com\/?page_id=9912"},"modified":"2021-11-02T23:41:16","modified_gmt":"2021-11-02T23:41:16","slug":"aviso-de-privacidad","status":"publish","type":"page","link":"https:\/\/pipsicologiaintegral.com\/en\/aviso-de-privacidad\/","title":{"rendered":"About us"},"content":{"rendered":"<p class=\"has-text-align-justify has-normal-font-size\">Laura Patricia M\u00e9ndez Ord\u00f3nez , mejor conocido como 2. PI Psicolog\u00eda Integral , con domicilio en calle Fray Jun\u00edpero Serra 305, colonia Roble 2do sector, ciudad Monterrey, municipio o delegaci\u00f3n San Nicol\u00e1s de los Garza, c.p. 66450, en la entidad de Nuevo Le\u00f3n, pa\u00eds M\u00e9xico , y portal de internet pipsicologiaintegral.com , es el responsable del uso y protecci\u00f3n de sus datos personales, y al respecto le informamos lo siguiente:<\/p>\n\n\n\n<p class=\"has-medium-font-size\"><strong>\u00bfPara qu\u00e9 fines utilizaremos sus datos personales?<\/strong><\/p>\n\n\n\n<p class=\"has-normal-font-size\">Los datos personales que recabamos de usted, los utilizaremos para las siguientes finalidades que son necesarias para el servicio que solicita:<\/p>\n\n\n\n<p class=\"has-normal-font-size\">\u2022 Informar acerca de los servicios y actividades de Pi Psicolog\u00eda Integral<\/p>\n\n\n\n<p class=\"has-normal-font-size\">\u2022 Establecer contacto con posibles nuevos colaboradores y pacientes de Pi Psicolog\u00eda Integral<\/p>\n\n\n\n<p class=\"has-normal-font-size\">De manera adicional, utilizaremos su informaci\u00f3n personal para las siguientes finalidades secundarias que&nbsp;<strong>no son necesarias<\/strong>&nbsp;para el servicio solicitado, pero que nos permiten y facilitan brindarle una mejor atenci\u00f3n:<\/p>\n\n\n\n<p class=\"has-normal-font-size\">\u2022Mercadotecnia o publicitaria<\/p>\n\n\n\n<p class=\"has-normal-font-size\">\u2022Prospecci\u00f3n comercial<\/p>\n\n\n\n<p class=\"has-medium-font-size\"><strong>\u00bfQu\u00e9 datos personales utilizaremos para estos fines?<\/strong><\/p>\n\n\n\n<p class=\"has-normal-font-size\">Para llevar a cabo las finalidades descritas en el presente aviso de privacidad, utilizaremos los siguientes datos personales:<\/p>\n\n\n\n<p class=\"has-normal-font-size\">\u2022 Datos de identificaci\u00f3n<\/p>\n\n\n\n<p class=\"has-normal-font-size\">\u2022 Datos de contacto<\/p>\n\n\n\n<p class=\"has-normal-font-size\">\u2022 Datos laborales<\/p>\n\n\n\n<p class=\"has-normal-font-size\">\u2022 Datos acad\u00e9micos<\/p>\n\n\n\n<p class=\"has-medium-font-size\"><strong>\u00bfCon qui\u00e9n compartimos su informaci\u00f3n personal y para qu\u00e9 fines?<\/strong><\/p>\n\n\n\n<p class=\"has-normal-font-size\">Le informamos que sus datos personales son compartidos dentro&nbsp;del pa\u00eds con las siguientes personas, empresas, organizaciones o autoridades distintas a nosotros, para los siguientes fines:<\/p>\n\n\n\n<figure class=\"wp-block-table\"><table><tbody><tr><td><strong>Destinatario de los datos personales<\/strong><\/td><td><strong>Finalidad<\/strong><\/td><\/tr><tr><td>Colaboradores y psic\u00f3logos de PI<\/td><td>Evaluaci\u00f3n de pacientes y candidatos para establecer la relaci\u00f3n con Pi Psicolog\u00eda Integral<\/td><\/tr><\/tbody><\/table><\/figure>\n\n\n\n<p class=\"has-medium-font-size\"><strong>\u00bfC\u00f3mo puede acceder, rectificar o cancelar sus datos personales, u oponerse a su uso?<\/strong><\/p>\n\n\n\n<p class=\"has-text-align-justify has-normal-font-size\">Usted tiene derecho a conocer qu\u00e9 datos personales tenemos de usted, para qu\u00e9 los utilizamos y las condiciones del uso que les damos (Acceso). Asimismo, es su derecho solicitar la correcci\u00f3n de su informaci\u00f3n personal en caso de que est\u00e9 desactualizada, sea inexacta o incompleta (Rectificaci\u00f3n); que la eliminemos de nuestros registros o bases de datos cuando considere que la misma no est\u00e1 siendo utilizada adecuadamente (Cancelaci\u00f3n); as\u00ed como oponerse al uso de sus datos personales para fines espec\u00edficos (Oposici\u00f3n). Estos derechos se conocen como derechos ARCO.<\/p>\n\n\n\n<p class=\"has-normal-font-size\">Para el ejercicio de cualquiera de los derechos ARCO, usted deber\u00e1 presentar la solicitud respectiva a trav\u00e9s del siguiente medio:<\/p>\n\n\n\n<p class=\"has-normal-font-size\">Mandando un correo electr\u00f3nico a pi.psicologiaintegral@gmail.com<\/p>\n\n\n\n<p class=\"has-normal-font-size\">Para conocer el procedimiento y requisitos para el ejercicio de los derechos ARCO, ponemos a su disposici\u00f3n el siguiente medio:<\/p>\n\n\n\n<p class=\"has-normal-font-size\">A trav\u00e9s del correo pi.psicologiaintegral@gmail.com<\/p>\n\n\n\n<p class=\"has-normal-font-size\">Los datos de contacto de la persona o departamento de datos personales, que est\u00e1 a cargo de dar tr\u00e1mite a las solicitudes de derechos ARCO, son los siguientes:<\/p>\n\n\n\n<p class=\"has-normal-font-size\">a) Nombre de la persona o departamento de datos personales: Laura Patricia M\u00e9ndez Ord\u00f3nez<\/p>\n\n\n\n<p class=\"has-medium-font-size\"><strong>Usted puede revocar su consentimiento para el uso de sus datos personales<\/strong><\/p>\n\n\n\n<p class=\"has-text-align-justify has-normal-font-size\">Usted puede revocar el consentimiento que, en su caso, nos haya otorgado para el tratamiento de sus datos personales. Sin embargo, es importante que tenga en cuenta que no en todos los casos podremos atender su solicitud o concluir el uso de forma inmediata, ya que es posible que por alguna obligaci\u00f3n legal requiramos seguir tratando sus datos personales. Asimismo, usted deber\u00e1 considerar que para ciertos fines, la revocaci\u00f3n de su consentimiento implicar\u00e1 que no le podamos seguir prestando el servicio que nos solicit\u00f3, o la conclusi\u00f3n de su relaci\u00f3n con nosotros.<\/p>\n\n\n\n<p class=\"has-normal-font-size\">Para revocar su consentimiento deber\u00e1 presentar su solicitud a trav\u00e9s del siguiente medio:<\/p>\n\n\n\n<p class=\"has-normal-font-size\">A trav\u00e9s del correo electr\u00f3nico pi.psicologiaintegral@gmail.com o present\u00e1ndose a las oficinas de Pi Psicolog\u00eda Integral en Fray Jun\u00edpero Serra 305, 66450 San Nicol\u00e1s de los Garza, Nuevo Le\u00f3n, M\u00e9xico.<\/p>\n\n\n\n<p class=\"has-normal-font-size\">Con relaci\u00f3n al procedimiento y requisitos para la revocaci\u00f3n de su consentimiento, le informamos lo siguiente:<\/p>\n\n\n\n<p class=\"has-normal-font-size\">a) \u00bfA trav\u00e9s de qu\u00e9 medios pueden acreditar su identidad el titular y, en su caso, su representante, as\u00ed como la personalidad este \u00faltimo?<\/p>\n\n\n\n<p class=\"has-normal-font-size\">Con una identificaci\u00f3n oficial<\/p>\n\n\n\n<p class=\"has-normal-font-size\">b) \u00bfQu\u00e9 informaci\u00f3n y\/o documentaci\u00f3n deber\u00e1 contener la solicitud?<\/p>\n\n\n\n<p class=\"has-normal-font-size\">Nombre de la persona, relaci\u00f3n con PI (paciente, colaborador), n\u00famero de tel\u00e9fono o correo electr\u00f3nico de seguimiento<\/p>\n\n\n\n<p class=\"has-normal-font-size\">c) \u00bfEn cu\u00e1ntos d\u00edas le daremos respuesta a su solicitud?<\/p>\n\n\n\n<p class=\"has-normal-font-size\">De 7 a 15 d\u00edas h\u00e1biles<\/p>\n\n\n\n<p class=\"has-normal-font-size\">d) \u00bfPor qu\u00e9 medio le comunicaremos la respuesta a su solicitud?<\/p>\n\n\n\n<p class=\"has-normal-font-size\">Por el correo electr\u00f3nico o tel\u00e9fono proporcionados<\/p>\n\n\n\n<p class=\"has-medium-font-size\"><strong>\u00bfC\u00f3mo puede limitar el uso o divulgaci\u00f3n de su informaci\u00f3n personal?<\/strong><\/p>\n\n\n\n<p class=\"has-normal-font-size\">Con objeto de que usted pueda limitar el uso y divulgaci\u00f3n de su informaci\u00f3n personal, le ofrecemos los siguientes medios:<\/p>\n\n\n\n<p class=\"has-normal-font-size\">A trav\u00e9s del correo electr\u00f3nico pi.psicologiaintegral@gmail.com<\/p>\n\n\n\n<p class=\"has-medium-font-size\"><strong>\u00bfC\u00f3mo puede conocer los cambios en este aviso de privacidad?<\/strong><\/p>\n\n\n\n<p class=\"has-normal-font-size\">El presente aviso de privacidad puede sufrir modificaciones, cambios o actualizaciones derivadas de nuevos requerimientos legales; de nuestras propias necesidades por los productos o servicios que ofrecemos; de nuestras pr\u00e1cticas de privacidad; de cambios en nuestro modelo de negocio, o por otras causas.<\/p>\n\n\n\n<p class=\"has-normal-font-size\">Nos comprometemos a mantenerlo informado sobre los cambios que pueda sufrir el presente aviso de privacidad, a trav\u00e9s de:\u00a0En la p\u00e1gina web de pipsicologiaintegral.com se dar\u00e1 a conocer la versi\u00f3n m\u00e1s actualizada de este.<\/p>\n\n\n\n<p class=\"has-normal-font-size\">El procedimiento a trav\u00e9s del cual se llevar\u00e1n a cabo las notificaciones sobre cambios o actualizaciones al presente aviso de privacidad es el siguiente:<\/p>\n\n\n\n<p class=\"has-normal-font-size\">Se publicar\u00e1 la versi\u00f3n m\u00e1s actualizada del aviso de privacidad en pipsicologiaintegral.com<\/p>\n\n\n\n<p class=\"has-normal-font-size\">*\u00daltima actualizaci\u00f3n: 11\/11\/2021<\/p>","protected":false},"excerpt":{"rendered":"<p>Laura Patricia M\u00e9ndez Ord\u00f3nez , mejor conocido como 2. PI Psicolog\u00eda Integral , con domicilio en calle Fray Jun\u00edpero Serra 305, colonia Roble 2do sector, ciudad Monterrey, municipio o delegaci\u00f3n San Nicol\u00e1s de los Garza, c.p. 66450, en la entidad de Nuevo Le\u00f3n, pa\u00eds M\u00e9xico , y portal de internet pipsicologiaintegral.com , es el responsable [&hellip;]<\/p>\n","protected":false},"author":3,"featured_media":0,"parent":0,"menu_order":0,"comment_status":"closed","ping_status":"closed","template":"templates\/fullwidth.php","meta":{"nf_dc_page":"","om_disable_all_campaigns":false,"_monsterinsights_skip_tracking":false,"_monsterinsights_sitenote_active":false,"_monsterinsights_sitenote_note":"","_monsterinsights_sitenote_category":0,"footnotes":""},"class_list":["post-9912","page","type-page","status-publish","hentry"],"aioseo_notices":[],"jetpack-related-posts":[{"id":9925,"url":"https:\/\/pipsicologiaintegral.com\/en\/talleres-y-cursos\/","url_meta":{"origin":9912,"position":0},"title":"Courses and workshops","author":"Paola C\u00e1rdenas","date":"August 19, 2021","format":false,"excerpt":"Ya sea para escuelas o empresas, en l\u00ednea o en nuestras propias instalaciones, impartimos cursos y talleres para personas de todas las edades, enfocados en los siguientes temas: Tanatolog\u00edaAdiccionesViolenciaAdolescenciaSalud mentalLiderazgoEscuela para padresCerrar ciclosInclusi\u00f3nAcosoManejo de estr\u00e9s\u00a0Trabajo en equipoInteligencia emocionalAsertividadManejo del dolorResistencias emocionales e intelectualesG\u00e9nero y sexualidad","rel":"","context":"Similar post","block_context":{"text":"Similar post","link":""},"img":{"alt_text":"","src":"","width":0,"height":0},"classes":[]},{"id":51,"url":"https:\/\/pipsicologiaintegral.com\/en\/pi-en-tu-escuela\/","url_meta":{"origin":9912,"position":1},"title":"Pi for your school","author":"lpatriciamendez","date":"July 5, 2021","format":false,"excerpt":"La colaboraci\u00f3n con centros educativos est\u00e1 basada en la identificaci\u00f3n de necesidades dentro del contexto escolar y una valoraci\u00f3n individual de sus alumnos, con el objetivo de eliminar las barreras que impiden su desarrollo en el \u00e1mbito acad\u00e9mico y social. Dependiendo de cada caso, nuestra intervenci\u00f3n consiste en una combinaci\u00f3n\u2026","rel":"","context":"Similar post","block_context":{"text":"Similar post","link":""},"img":{"alt_text":"","src":"","width":0,"height":0},"classes":[]},{"id":53,"url":"https:\/\/pipsicologiaintegral.com\/en\/pi-en-tu-empresa\/","url_meta":{"origin":9912,"position":2},"title":"PI for your company","author":"lpatriciamendez","date":"July 5, 2021","format":false,"excerpt":"El espacio de trabajo puede ser un segundo hogar, donde las problem\u00e1ticas individuales afectan al grupo, su productividad y resultados. Con esto en mente, Pi ofrece una gama de servicios, para que cada individuo que forma parte del equipo tenga una buena calidad de vida y, como resultado, tu empresa\u2026","rel":"","context":"Similar post","block_context":{"text":"Similar post","link":""},"img":{"alt_text":"","src":"","width":0,"height":0},"classes":[]}],"jetpack_sharing_enabled":true,"jetpack_likes_enabled":true,"_links":{"self":[{"href":"https:\/\/pipsicologiaintegral.com\/en\/wp-json\/wp\/v2\/pages\/9912","targetHints":{"allow":["GET"]}}],"collection":[{"href":"https:\/\/pipsicologiaintegral.com\/en\/wp-json\/wp\/v2\/pages"}],"about":[{"href":"https:\/\/pipsicologiaintegral.com\/en\/wp-json\/wp\/v2\/types\/page"}],"author":[{"embeddable":true,"href":"https:\/\/pipsicologiaintegral.com\/en\/wp-json\/wp\/v2\/users\/3"}],"replies":[{"embeddable":true,"href":"https:\/\/pipsicologiaintegral.com\/en\/wp-json\/wp\/v2\/comments?post=9912"}],"version-history":[{"count":5,"href":"https:\/\/pipsicologiaintegral.com\/en\/wp-json\/wp\/v2\/pages\/9912\/revisions"}],"predecessor-version":[{"id":11466,"href":"https:\/\/pipsicologiaintegral.com\/en\/wp-json\/wp\/v2\/pages\/9912\/revisions\/11466"}],"wp:attachment":[{"href":"https:\/\/pipsicologiaintegral.com\/en\/wp-json\/wp\/v2\/media?parent=9912"}],"curies":[{"name":"wp","href":"https:\/\/api.w.org\/{rel}","templated":true}]}}