{"id":53,"date":"2021-07-05T20:51:27","date_gmt":"2021-07-05T20:51:27","guid":{"rendered":"https:\/\/pipsicologiaintegral.com\/?page_id=53"},"modified":"2021-12-13T18:26:45","modified_gmt":"2021-12-13T18:26:45","slug":"pi-en-tu-empresa","status":"publish","type":"page","link":"https:\/\/pipsicologiaintegral.com\/en\/pi-en-tu-empresa\/","title":{"rendered":"PI for your company"},"content":{"rendered":"<p class=\"has-text-align-justify has-medium-font-size\">The workspace can be a second home where the individual problematics affect the team, its productivity, and results. With this in mind, Pi offers various services  focused on providing the members of your team a good quality of life. This inevitably results in a more committed attitude and higher productivity in the workspace to help your company reach its goals.<\/p>\n\n\n\n<h2 class=\"wp-block-heading\"><strong><span style=\"color:#500975\" class=\"has-inline-color\">PI helps you comply with the NOM-035<\/span><\/strong><\/h2>\n\n\n\n<p class=\"has-text-align-justify has-medium-font-size\">With the creation of the <strong>NOM-035 regulation of the Mexican Labor Ministry (NOM-035-STPS-2018), <\/strong>we have developed a program for identifying, analyzing, preventing, and intervening the psychosocial risk factors in the workspace, which comprises <strong>two stages:<\/strong><\/p>\n\n\n\n<p class=\"has-text-align-justify has-medium-font-size\">Diagnose: <strong>Identification of the psychosocial risk factors <\/strong>involving the workers of all hierarchies, so as to have a broad coverage in the actions taken.&nbsp;<\/p>\n\n\n\n<p class=\"has-text-align-justify has-medium-font-size\">Intervention<strong> Implementing an action plan <\/strong>to prevent and\/or intervene in the psychosocial risk factors detected on the first stage.<\/p>\n\n\n\n<p class=\"has-text-align-justify has-medium-font-size\">The companies interested having a more wholesome approach to the well-being of their team-members that is also specific to their needs, we suggest a third stage to deepen in the opportunity areas of the company and the people that conform it. This may include services such as psychotherapy in your company, training, and assessments.<\/p>\n\n\n\n<h2 class=\"wp-block-heading\"><strong><span style=\"color:#500975\" class=\"has-inline-color\">Psychotherapy in your company<\/span><\/strong><\/h2>\n\n\n\n<p class=\"has-text-align-justify has-medium-font-size\">We accompany your employees in the learning process of managing their emotions and solving conflicts. This has an impact in many areas of their lives, which consequently brings a better performance in the workspace, higher productivity and superior quality of life.<\/p>\n\n\n\n<h2 class=\"wp-block-heading\"><strong><span style=\"color:#500975\" class=\"has-inline-color\">Skills training and assessments<\/span><\/strong><\/h2>\n\n\n\n<p class=\"has-text-align-justify has-medium-font-size\">We provide skills training to personal of all levels, to help in the development of professional tools that benefit the organization in the long run. This service is designed based on the specific needs of every company. However, in general terms, we can name some of the themes we usually address for these services:<\/p>\n\n\n\n<ul class=\"has-medium-font-size wp-block-list\"><li>Leadership and emotional intelligence<\/li><li>Stress management to perform better<\/li><li>Assertive communication in work teams<\/li><li>Inclusion and gender in the workspace<\/li><li>Harassment identification and prevention<\/li><li>Talent management for the creation of work teams<\/li><\/ul>\n\n\n\n<h2 class=\"wp-block-heading\"><strong><span style=\"color:#500975\" class=\"has-inline-color\">Accompaniment in adverse situations<\/span><\/strong><\/h2>\n\n\n\n<p class=\"has-text-align-justify has-medium-font-size\">Work accidents, though preventable, are always a possibility. Whether due to environmental causes, technological or human errors, these may have serious implications on the physical, physiological, emotional, and psychological scopes. Pi has wide experience working with companies to help them manage the pain derived from labor accidents, as much as to provide aid in thanatological processes, when losses are of an irreparable nature.<\/p>\n\n\n\n<p class=\"has-text-align-justify has-medium-font-size\">Some of the cases we\u2019ve attended have to do with tragic events such as explosions, labor accidents and demises in the workspace.<\/p>\n\n\n\n<h2 class=\"wp-block-heading\"><strong><span style=\"color:#500975\" class=\"has-inline-color\">Accompanying in the migration towards the new reality<\/span><\/strong><\/h2>\n\n\n\n<p class=\"has-text-align-justify has-medium-font-size\">The pandemic that started in 2020 brought a series of psychological affectations that have an impact on work performance. Pi helps companies make a transition towards the current new reality, in themes such as:<\/p>\n\n\n\n<ul class=\"has-medium-font-size wp-block-list\"><li>Home office<\/li><li>Anxiety<\/li><li>Emotion management<\/li><li>Mental health in the workspace<\/li><\/ul>","protected":false},"excerpt":{"rendered":"<p>El espacio de trabajo puede ser un segundo hogar, donde las problem\u00e1ticas individuales afectan al grupo, su productividad y resultados. Con esto en mente, Pi ofrece una gama de servicios, para que cada individuo que forma parte del equipo tenga una buena calidad de vida y, como resultado, tu empresa logre sus objetivos con un [&hellip;]<\/p>\n","protected":false},"author":1,"featured_media":0,"parent":0,"menu_order":0,"comment_status":"closed","ping_status":"closed","template":"","meta":{"nf_dc_page":"","om_disable_all_campaigns":false,"_monsterinsights_skip_tracking":false,"_monsterinsights_sitenote_active":false,"_monsterinsights_sitenote_note":"","_monsterinsights_sitenote_category":0,"footnotes":""},"class_list":["post-53","page","type-page","status-publish","hentry"],"aioseo_notices":[],"jetpack-related-posts":[{"id":20,"url":"https:\/\/pipsicologiaintegral.com\/en\/servicios\/","url_meta":{"origin":53,"position":0},"title":"Services","author":"lpatriciamendez","date":"July 5, 2021","format":false,"excerpt":"Pi Psicolog\u00eda Integral es una cl\u00ednica especializada comprometida con la salud mental, que ofrece servicios de psicoterapia a personas de todas las edades, as\u00ed como a empresas y a escuelas. Adem\u00e1s, ofrecemos cursos y talleres sobre una variedad de temas. \u00a1Conoce nuestros servicios! Psicoterapia Pi en tu empresa Pi en\u2026","rel":"","context":"Similar post","block_context":{"text":"Similar post","link":""},"img":{"alt_text":"","src":"","width":0,"height":0},"classes":[]},{"id":47,"url":"https:\/\/pipsicologiaintegral.com\/en\/psicologos-pi\/","url_meta":{"origin":53,"position":1},"title":"Nuestro Origen","author":"lpatriciamendez","date":"July 5, 2021","format":false,"excerpt":"Patricia M\u00e9ndez Patricia M\u00e9ndez es psic\u00f3loga cl\u00ednica, egresada de la Facultad de Psicolog\u00eda de la Universidad Aut\u00f3noma de Nuevo Le\u00f3n, con formaci\u00f3n psicoanal\u00edtica (1988). Por 35 a\u00f1os, ha trabajado en la consulta individual, de pareja y familiar.\u00a0 Recibi\u00f3 entrenamiento para pacientes internos adictos por Unidos A.C. (1999) as\u00ed como entrenamiento\u2026","rel":"","context":"Similar post","block_context":{"text":"Similar post","link":""},"img":{"alt_text":"","src":"","width":0,"height":0},"classes":[]},{"id":51,"url":"https:\/\/pipsicologiaintegral.com\/en\/pi-en-tu-escuela\/","url_meta":{"origin":53,"position":2},"title":"Pi for your school","author":"lpatriciamendez","date":"July 5, 2021","format":false,"excerpt":"La colaboraci\u00f3n con centros educativos est\u00e1 basada en la identificaci\u00f3n de necesidades dentro del contexto escolar y una valoraci\u00f3n individual de sus alumnos, con el objetivo de eliminar las barreras que impiden su desarrollo en el \u00e1mbito acad\u00e9mico y social. Dependiendo de cada caso, nuestra intervenci\u00f3n consiste en una combinaci\u00f3n\u2026","rel":"","context":"Similar post","block_context":{"text":"Similar post","link":""},"img":{"alt_text":"","src":"","width":0,"height":0},"classes":[]},{"id":16,"url":"https:\/\/pipsicologiaintegral.com\/en\/quienes-somos\/","url_meta":{"origin":53,"position":3},"title":"About us","author":"lpatriciamendez","date":"July 5, 2021","format":false,"excerpt":"Pi Psicolog\u00eda Integral fue fundada en 2018 por la Lic. Patricia M\u00e9ndez, como una respuesta a la alta demanda de su consulta y con la intenci\u00f3n de seguir dando atenci\u00f3n a m\u00e1s personas que lo necesiten, a trav\u00e9s de una red de psicoterapeutas supervisados por ella. De esta manera, la\u2026","rel":"","context":"Similar post","block_context":{"text":"Similar post","link":""},"img":{"alt_text":"","src":"","width":0,"height":0},"classes":[]},{"id":11383,"url":"https:\/\/pipsicologiaintegral.com\/en\/unete-al-equipo-2\/","url_meta":{"origin":53,"position":4},"title":"Join our team","author":"Paola C\u00e1rdenas","date":"November 1, 2021","format":false,"excerpt":"\u00a1\u00danete al equipo! En Pi, participamos de la formaci\u00f3n de estudiantes, reci\u00e9n egresados y psic\u00f3logos con experiencia, interesados en brindar psicoterapia con enfoque psicoanal\u00edtico, supervisados de manera gratuita por la Lic. Patricia M\u00e9ndez. Adem\u00e1s, puedes formar parte de diversos proyectos en escuelas y empresas, plataformas de comunicaci\u00f3n y mucho m\u00e1s.\u2026","rel":"","context":"Similar post","block_context":{"text":"Similar post","link":""},"img":{"alt_text":"","src":"https:\/\/i0.wp.com\/pipsicologiaintegral.com\/wp-content\/uploads\/2023\/04\/WhatsApp-Image-2023-04-20-at-08.15.40.jpeg?resize=350%2C200&ssl=1","width":350,"height":200,"srcset":"https:\/\/i0.wp.com\/pipsicologiaintegral.com\/wp-content\/uploads\/2023\/04\/WhatsApp-Image-2023-04-20-at-08.15.40.jpeg?resize=350%2C200&ssl=1 1x, https:\/\/i0.wp.com\/pipsicologiaintegral.com\/wp-content\/uploads\/2023\/04\/WhatsApp-Image-2023-04-20-at-08.15.40.jpeg?resize=525%2C300&ssl=1 1.5x, https:\/\/i0.wp.com\/pipsicologiaintegral.com\/wp-content\/uploads\/2023\/04\/WhatsApp-Image-2023-04-20-at-08.15.40.jpeg?resize=700%2C400&ssl=1 2x, https:\/\/i0.wp.com\/pipsicologiaintegral.com\/wp-content\/uploads\/2023\/04\/WhatsApp-Image-2023-04-20-at-08.15.40.jpeg?resize=1050%2C600&ssl=1 3x"},"classes":[]},{"id":9779,"url":"https:\/\/pipsicologiaintegral.com\/en\/unete-al-equipo\/","url_meta":{"origin":53,"position":5},"title":"Contact us","author":"Paola C\u00e1rdenas","date":"August 6, 2021","format":false,"excerpt":"Vis\u00edtanos Pi Psicolog\u00eda Integral se encuentra en Fray Jun\u00edpero Serra 305, C.P 66450. San Nicol\u00e1s de los Garza. Nuevo Le\u00f3n, M\u00e9xico. Cont\u00e1ctanos","rel":"","context":"Similar post","block_context":{"text":"Similar post","link":""},"img":{"alt_text":"","src":"https:\/\/i0.wp.com\/pipsicologiaintegral.com\/wp-content\/uploads\/2021\/10\/Mesa-de-trabajo-3-100-1.jpg?resize=350%2C200&ssl=1","width":350,"height":200,"srcset":"https:\/\/i0.wp.com\/pipsicologiaintegral.com\/wp-content\/uploads\/2021\/10\/Mesa-de-trabajo-3-100-1.jpg?resize=350%2C200&ssl=1 1x, https:\/\/i0.wp.com\/pipsicologiaintegral.com\/wp-content\/uploads\/2021\/10\/Mesa-de-trabajo-3-100-1.jpg?resize=525%2C300&ssl=1 1.5x, https:\/\/i0.wp.com\/pipsicologiaintegral.com\/wp-content\/uploads\/2021\/10\/Mesa-de-trabajo-3-100-1.jpg?resize=700%2C400&ssl=1 2x, https:\/\/i0.wp.com\/pipsicologiaintegral.com\/wp-content\/uploads\/2021\/10\/Mesa-de-trabajo-3-100-1.jpg?resize=1050%2C600&ssl=1 3x, https:\/\/i0.wp.com\/pipsicologiaintegral.com\/wp-content\/uploads\/2021\/10\/Mesa-de-trabajo-3-100-1.jpg?resize=1400%2C800&ssl=1 4x"},"classes":[]}],"jetpack_sharing_enabled":true,"jetpack_likes_enabled":true,"_links":{"self":[{"href":"https:\/\/pipsicologiaintegral.com\/en\/wp-json\/wp\/v2\/pages\/53","targetHints":{"allow":["GET"]}}],"collection":[{"href":"https:\/\/pipsicologiaintegral.com\/en\/wp-json\/wp\/v2\/pages"}],"about":[{"href":"https:\/\/pipsicologiaintegral.com\/en\/wp-json\/wp\/v2\/types\/page"}],"author":[{"embeddable":true,"href":"https:\/\/pipsicologiaintegral.com\/en\/wp-json\/wp\/v2\/users\/1"}],"replies":[{"embeddable":true,"href":"https:\/\/pipsicologiaintegral.com\/en\/wp-json\/wp\/v2\/comments?post=53"}],"version-history":[{"count":5,"href":"https:\/\/pipsicologiaintegral.com\/en\/wp-json\/wp\/v2\/pages\/53\/revisions"}],"predecessor-version":[{"id":12154,"href":"https:\/\/pipsicologiaintegral.com\/en\/wp-json\/wp\/v2\/pages\/53\/revisions\/12154"}],"wp:attachment":[{"href":"https:\/\/pipsicologiaintegral.com\/en\/wp-json\/wp\/v2\/media?parent=53"}],"curies":[{"name":"wp","href":"https:\/\/api.w.org\/{rel}","templated":true}]}}