{"id":51,"date":"2021-07-05T20:49:08","date_gmt":"2021-07-05T20:49:08","guid":{"rendered":"https:\/\/pipsicologiaintegral.com\/?page_id=51"},"modified":"2021-11-02T23:44:22","modified_gmt":"2021-11-02T23:44:22","slug":"pi-en-tu-escuela","status":"publish","type":"page","link":"https:\/\/pipsicologiaintegral.com\/en\/pi-en-tu-escuela\/","title":{"rendered":"Pi for your school"},"content":{"rendered":"<p class=\"has-text-align-justify has-medium-font-size\">The collaboration with educational centers is based on identifying the needs within the school context and performing an individual assessment of the students, with the goal of eliminating the barriers that limit their development in the academic and social spheres. Depending on each case, our intervention consists on a combination of the following services:<\/p>\n\n\n\n<ul class=\"has-medium-font-size wp-block-list\"><li>Conducting clinical records for every student<\/li><li>Interviews and psychoeducation for parents<\/li><li>Work with the school community to create awareness in themes of inclusion and different learning styles<\/li><li>Medical references for students that require it<\/li><li>Parenting school and follow-up on specific cases<\/li><\/ul>\n\n\n\n<p><\/p>","protected":false},"excerpt":{"rendered":"<p>La colaboraci\u00f3n con centros educativos est\u00e1 basada en la identificaci\u00f3n de necesidades dentro del contexto escolar y una valoraci\u00f3n individual de sus alumnos, con el objetivo de eliminar las barreras que impiden su desarrollo en el \u00e1mbito acad\u00e9mico y social. Dependiendo de cada caso, nuestra intervenci\u00f3n consiste en una combinaci\u00f3n de los siguientes servicios: Realizaci\u00f3n [&hellip;]<\/p>\n","protected":false},"author":1,"featured_media":0,"parent":0,"menu_order":0,"comment_status":"closed","ping_status":"closed","template":"","meta":{"nf_dc_page":"","om_disable_all_campaigns":false,"_monsterinsights_skip_tracking":false,"_monsterinsights_sitenote_active":false,"_monsterinsights_sitenote_note":"","_monsterinsights_sitenote_category":0,"footnotes":""},"class_list":["post-51","page","type-page","status-publish","hentry"],"aioseo_notices":[],"jetpack-related-posts":[{"id":9925,"url":"https:\/\/pipsicologiaintegral.com\/en\/talleres-y-cursos\/","url_meta":{"origin":51,"position":0},"title":"Courses and workshops","author":"Paola C\u00e1rdenas","date":"August 19, 2021","format":false,"excerpt":"Ya sea para escuelas o empresas, en l\u00ednea o en nuestras propias instalaciones, impartimos cursos y talleres para personas de todas las edades, enfocados en los siguientes temas: Tanatolog\u00edaAdiccionesViolenciaAdolescenciaSalud mentalLiderazgoEscuela para padresCerrar ciclosInclusi\u00f3nAcosoManejo de estr\u00e9s\u00a0Trabajo en equipoInteligencia emocionalAsertividadManejo del dolorResistencias emocionales e intelectualesG\u00e9nero y sexualidad","rel":"","context":"Similar post","block_context":{"text":"Similar post","link":""},"img":{"alt_text":"","src":"","width":0,"height":0},"classes":[]},{"id":53,"url":"https:\/\/pipsicologiaintegral.com\/en\/pi-en-tu-empresa\/","url_meta":{"origin":51,"position":1},"title":"PI for your company","author":"lpatriciamendez","date":"July 5, 2021","format":false,"excerpt":"El espacio de trabajo puede ser un segundo hogar, donde las problem\u00e1ticas individuales afectan al grupo, su productividad y resultados. Con esto en mente, Pi ofrece una gama de servicios, para que cada individuo que forma parte del equipo tenga una buena calidad de vida y, como resultado, tu empresa\u2026","rel":"","context":"Similar post","block_context":{"text":"Similar post","link":""},"img":{"alt_text":"","src":"","width":0,"height":0},"classes":[]},{"id":9912,"url":"https:\/\/pipsicologiaintegral.com\/en\/aviso-de-privacidad\/","url_meta":{"origin":51,"position":2},"title":"About us","author":"Paola C\u00e1rdenas","date":"August 19, 2021","format":false,"excerpt":"Laura Patricia M\u00e9ndez Ord\u00f3nez , mejor conocido como 2. PI Psicolog\u00eda Integral , con domicilio en calle Fray Jun\u00edpero Serra 305, colonia Roble 2do sector, ciudad Monterrey, municipio o delegaci\u00f3n San Nicol\u00e1s de los Garza, c.p. 66450, en la entidad de Nuevo Le\u00f3n, pa\u00eds M\u00e9xico , y portal de internet\u2026","rel":"","context":"Similar post","block_context":{"text":"Similar post","link":""},"img":{"alt_text":"","src":"","width":0,"height":0},"classes":[]},{"id":16,"url":"https:\/\/pipsicologiaintegral.com\/en\/quienes-somos\/","url_meta":{"origin":51,"position":3},"title":"About us","author":"lpatriciamendez","date":"July 5, 2021","format":false,"excerpt":"Pi Psicolog\u00eda Integral fue fundada en 2018 por la Lic. Patricia M\u00e9ndez, como una respuesta a la alta demanda de su consulta y con la intenci\u00f3n de seguir dando atenci\u00f3n a m\u00e1s personas que lo necesiten, a trav\u00e9s de una red de psicoterapeutas supervisados por ella. De esta manera, la\u2026","rel":"","context":"Similar post","block_context":{"text":"Similar post","link":""},"img":{"alt_text":"","src":"","width":0,"height":0},"classes":[]}],"jetpack_sharing_enabled":true,"jetpack_likes_enabled":true,"_links":{"self":[{"href":"https:\/\/pipsicologiaintegral.com\/en\/wp-json\/wp\/v2\/pages\/51","targetHints":{"allow":["GET"]}}],"collection":[{"href":"https:\/\/pipsicologiaintegral.com\/en\/wp-json\/wp\/v2\/pages"}],"about":[{"href":"https:\/\/pipsicologiaintegral.com\/en\/wp-json\/wp\/v2\/types\/page"}],"author":[{"embeddable":true,"href":"https:\/\/pipsicologiaintegral.com\/en\/wp-json\/wp\/v2\/users\/1"}],"replies":[{"embeddable":true,"href":"https:\/\/pipsicologiaintegral.com\/en\/wp-json\/wp\/v2\/comments?post=51"}],"version-history":[{"count":4,"href":"https:\/\/pipsicologiaintegral.com\/en\/wp-json\/wp\/v2\/pages\/51\/revisions"}],"predecessor-version":[{"id":11469,"href":"https:\/\/pipsicologiaintegral.com\/en\/wp-json\/wp\/v2\/pages\/51\/revisions\/11469"}],"wp:attachment":[{"href":"https:\/\/pipsicologiaintegral.com\/en\/wp-json\/wp\/v2\/media?parent=51"}],"curies":[{"name":"wp","href":"https:\/\/api.w.org\/{rel}","templated":true}]}}