{"id":49,"date":"2021-07-05T20:46:43","date_gmt":"2021-07-05T20:46:43","guid":{"rendered":"https:\/\/pipsicologiaintegral.com\/?page_id=49"},"modified":"2024-02-08T20:14:04","modified_gmt":"2024-02-08T20:14:04","slug":"psicoterapia","status":"publish","type":"page","link":"https:\/\/pipsicologiaintegral.com\/en\/psicoterapia\/","title":{"rendered":"Psychotherapy"},"content":{"rendered":"<p class=\"has-text-align-justify has-medium-font-size\"><strong>Psychotherapy<\/strong> is the basis of what we do. With a psychoanalytical approach, we treat children, teenagers, and adults \u2013 individually \u2013, as well as families and couples. We also have a weekly group where we tackle issues such as emotional dependency, anxiety, loss, among others. <\/p>\n\n\n\n<p class=\"has-text-align-justify has-medium-font-size\">We have a team with different <strong>areas of specialty<\/strong>, which allows us to address issues regarding <strong>addictions, grief, depression, and psychopathologies <\/strong>in all ages. But, furthermore, we believe that psychotherapy is much more than a treatment for a specific situation: it is an accompanying for life that brings long-term health and emotional stability.<\/p>\n\n\n\n<p class=\"\"><a href=\"https:\/\/www.topdoctors.mx\/centro\/clinica-pi-psicologia-integral\/\">Da click aqu\u00ed para agendar una cita de psicoterapia.<\/a><\/p>","protected":false},"excerpt":{"rendered":"<p>La psicoterapia es la base de todo lo que hacemos. Con un enfoque psicoanal\u00edtico, atendemos a ni\u00f1os, adolescentes y adultos de manera individual, familiar y en pareja. Tambi\u00e9n contamos con terapia de grupo donde abordamos diferentes dificultades emocionales: dependencia, ansiedad, p\u00e9rdidas, entre otras. Tenemos un equipo con diferentes \u00e1reas de especialidad, lo que nos permite [&hellip;]<\/p>\n","protected":false},"author":1,"featured_media":0,"parent":0,"menu_order":0,"comment_status":"closed","ping_status":"closed","template":"","meta":{"nf_dc_page":"","om_disable_all_campaigns":false,"_monsterinsights_skip_tracking":false,"_monsterinsights_sitenote_active":false,"_monsterinsights_sitenote_note":"","_monsterinsights_sitenote_category":0,"footnotes":""},"class_list":["post-49","page","type-page","status-publish","hentry"],"aioseo_notices":[],"jetpack-related-posts":[{"id":20,"url":"https:\/\/pipsicologiaintegral.com\/en\/servicios\/","url_meta":{"origin":49,"position":0},"title":"Services","author":"lpatriciamendez","date":"July 5, 2021","format":false,"excerpt":"Pi Psicolog\u00eda Integral es una cl\u00ednica especializada comprometida con la salud mental, que ofrece servicios de psicoterapia a personas de todas las edades, as\u00ed como a empresas y a escuelas. Adem\u00e1s, ofrecemos cursos y talleres sobre una variedad de temas. \u00a1Conoce nuestros servicios! Psicoterapia Pi en tu empresa Pi en\u2026","rel":"","context":"Similar post","block_context":{"text":"Similar post","link":""},"img":{"alt_text":"","src":"","width":0,"height":0},"classes":[]},{"id":53,"url":"https:\/\/pipsicologiaintegral.com\/en\/pi-en-tu-empresa\/","url_meta":{"origin":49,"position":1},"title":"PI for your company","author":"lpatriciamendez","date":"July 5, 2021","format":false,"excerpt":"El espacio de trabajo puede ser un segundo hogar, donde las problem\u00e1ticas individuales afectan al grupo, su productividad y resultados. Con esto en mente, Pi ofrece una gama de servicios, para que cada individuo que forma parte del equipo tenga una buena calidad de vida y, como resultado, tu empresa\u2026","rel":"","context":"Similar post","block_context":{"text":"Similar post","link":""},"img":{"alt_text":"","src":"","width":0,"height":0},"classes":[]},{"id":11383,"url":"https:\/\/pipsicologiaintegral.com\/en\/unete-al-equipo-2\/","url_meta":{"origin":49,"position":2},"title":"Join our team","author":"Paola C\u00e1rdenas","date":"November 1, 2021","format":false,"excerpt":"\u00a1\u00danete al equipo! En Pi, participamos de la formaci\u00f3n de estudiantes, reci\u00e9n egresados y psic\u00f3logos con experiencia, interesados en brindar psicoterapia con enfoque psicoanal\u00edtico, supervisados de manera gratuita por la Lic. Patricia M\u00e9ndez. Adem\u00e1s, puedes formar parte de diversos proyectos en escuelas y empresas, plataformas de comunicaci\u00f3n y mucho m\u00e1s.\u2026","rel":"","context":"Similar post","block_context":{"text":"Similar post","link":""},"img":{"alt_text":"","src":"https:\/\/i0.wp.com\/pipsicologiaintegral.com\/wp-content\/uploads\/2023\/04\/WhatsApp-Image-2023-04-20-at-08.15.40.jpeg?resize=350%2C200&ssl=1","width":350,"height":200,"srcset":"https:\/\/i0.wp.com\/pipsicologiaintegral.com\/wp-content\/uploads\/2023\/04\/WhatsApp-Image-2023-04-20-at-08.15.40.jpeg?resize=350%2C200&ssl=1 1x, https:\/\/i0.wp.com\/pipsicologiaintegral.com\/wp-content\/uploads\/2023\/04\/WhatsApp-Image-2023-04-20-at-08.15.40.jpeg?resize=525%2C300&ssl=1 1.5x, https:\/\/i0.wp.com\/pipsicologiaintegral.com\/wp-content\/uploads\/2023\/04\/WhatsApp-Image-2023-04-20-at-08.15.40.jpeg?resize=700%2C400&ssl=1 2x, https:\/\/i0.wp.com\/pipsicologiaintegral.com\/wp-content\/uploads\/2023\/04\/WhatsApp-Image-2023-04-20-at-08.15.40.jpeg?resize=1050%2C600&ssl=1 3x"},"classes":[]},{"id":16,"url":"https:\/\/pipsicologiaintegral.com\/en\/quienes-somos\/","url_meta":{"origin":49,"position":3},"title":"About us","author":"lpatriciamendez","date":"July 5, 2021","format":false,"excerpt":"Pi Psicolog\u00eda Integral fue fundada en 2018 por la Lic. Patricia M\u00e9ndez, como una respuesta a la alta demanda de su consulta y con la intenci\u00f3n de seguir dando atenci\u00f3n a m\u00e1s personas que lo necesiten, a trav\u00e9s de una red de psicoterapeutas supervisados por ella. De esta manera, la\u2026","rel":"","context":"Similar post","block_context":{"text":"Similar post","link":""},"img":{"alt_text":"","src":"","width":0,"height":0},"classes":[]},{"id":9925,"url":"https:\/\/pipsicologiaintegral.com\/en\/talleres-y-cursos\/","url_meta":{"origin":49,"position":4},"title":"Courses and workshops","author":"Paola C\u00e1rdenas","date":"August 19, 2021","format":false,"excerpt":"Ya sea para escuelas o empresas, en l\u00ednea o en nuestras propias instalaciones, impartimos cursos y talleres para personas de todas las edades, enfocados en los siguientes temas: Tanatolog\u00edaAdiccionesViolenciaAdolescenciaSalud mentalLiderazgoEscuela para padresCerrar ciclosInclusi\u00f3nAcosoManejo de estr\u00e9s\u00a0Trabajo en equipoInteligencia emocionalAsertividadManejo del dolorResistencias emocionales e intelectualesG\u00e9nero y sexualidad","rel":"","context":"Similar post","block_context":{"text":"Similar post","link":""},"img":{"alt_text":"","src":"","width":0,"height":0},"classes":[]}],"jetpack_sharing_enabled":true,"jetpack_likes_enabled":true,"_links":{"self":[{"href":"https:\/\/pipsicologiaintegral.com\/en\/wp-json\/wp\/v2\/pages\/49","targetHints":{"allow":["GET"]}}],"collection":[{"href":"https:\/\/pipsicologiaintegral.com\/en\/wp-json\/wp\/v2\/pages"}],"about":[{"href":"https:\/\/pipsicologiaintegral.com\/en\/wp-json\/wp\/v2\/types\/page"}],"author":[{"embeddable":true,"href":"https:\/\/pipsicologiaintegral.com\/en\/wp-json\/wp\/v2\/users\/1"}],"replies":[{"embeddable":true,"href":"https:\/\/pipsicologiaintegral.com\/en\/wp-json\/wp\/v2\/comments?post=49"}],"version-history":[{"count":5,"href":"https:\/\/pipsicologiaintegral.com\/en\/wp-json\/wp\/v2\/pages\/49\/revisions"}],"predecessor-version":[{"id":26895,"href":"https:\/\/pipsicologiaintegral.com\/en\/wp-json\/wp\/v2\/pages\/49\/revisions\/26895"}],"wp:attachment":[{"href":"https:\/\/pipsicologiaintegral.com\/en\/wp-json\/wp\/v2\/media?parent=49"}],"curies":[{"name":"wp","href":"https:\/\/api.w.org\/{rel}","templated":true}]}}