{"id":47,"date":"2021-07-05T20:44:30","date_gmt":"2021-07-05T20:44:30","guid":{"rendered":"https:\/\/pipsicologiaintegral.com\/?page_id=47"},"modified":"2024-02-08T20:18:52","modified_gmt":"2024-02-08T20:18:52","slug":"psicologos-pi","status":"publish","type":"page","link":"https:\/\/pipsicologiaintegral.com\/en\/psicologos-pi\/","title":{"rendered":"Nuestro Origen"},"content":{"rendered":"<h2 class=\"wp-block-heading\"><meta charset=\"utf-8\"><strong><span style=\"color:#500975\" class=\"has-inline-color\">Patricia M\u00e9ndez<\/span><\/strong><\/h2>\n\n\n\n<p class=\"has-text-align-justify has-medium-font-size\"><strong>Patricia M\u00e9ndez <\/strong>is a clinical psychologist specialized in psychoanalysis (1988), graduated from the Faculty of Psychology in the Autonomous University of Nuevo Le\u00f3n. She has 35 years of experience with individual patients, couples and families.&nbsp;<\/p>\n\n\n\n<p class=\"has-text-align-justify has-medium-font-size\">She received training for addict patients by Unidos A.C (1999), as well as training for the Minnesota Model with alcoholic patients, victims of abuse and violence by the Ministry of Health of Nuevo Le\u00f3n (1996). She has also participated in attention programs for psychiatric patients and victims of sexual abuse in DIF Nuevo Le\u00f3n (1992-1996).<\/p>\n\n\n\n<p class=\"has-text-align-justify has-medium-font-size\">She has a diploma in Thanatology from the Iberoamerican University and started to apply this knowledge in patients with diagnosed terminal illnesses, as well as tragic events, such as the Casino Royal fire in 2011.<\/p>\n\n\n\n<p class=\"has-text-align-justify has-medium-font-size\">Because of the high demand of her practice, and with the intention of providing help and attention to those who need it, she founds and directs Pi Psicolog\u00eda Integral in 2018. This center allows her to participate in the training of therapists while providing clinical attention to more people, organizations and companies.<\/p>\n\n\n\n<p class=\"\"><\/p>\n\n\n\n<p class=\"\"><\/p>","protected":false},"excerpt":{"rendered":"<p>Patricia M\u00e9ndez Patricia M\u00e9ndez es psic\u00f3loga cl\u00ednica, egresada de la Facultad de Psicolog\u00eda de la Universidad Aut\u00f3noma de Nuevo Le\u00f3n, con formaci\u00f3n psicoanal\u00edtica (1988). Por 35 a\u00f1os, ha trabajado en la consulta individual, de pareja y familiar.&nbsp; Recibi\u00f3 entrenamiento para pacientes internos adictos por Unidos A.C. (1999) as\u00ed como entrenamiento para Modelo Minnesota con pacientes [&hellip;]<\/p>\n","protected":false},"author":1,"featured_media":0,"parent":0,"menu_order":0,"comment_status":"closed","ping_status":"closed","template":"templates\/fullwidth.php","meta":{"nf_dc_page":"","om_disable_all_campaigns":false,"_monsterinsights_skip_tracking":false,"_monsterinsights_sitenote_active":false,"_monsterinsights_sitenote_note":"","_monsterinsights_sitenote_category":0,"footnotes":""},"class_list":["post-47","page","type-page","status-publish","hentry"],"aioseo_notices":[],"jetpack-related-posts":[{"id":9912,"url":"https:\/\/pipsicologiaintegral.com\/en\/aviso-de-privacidad\/","url_meta":{"origin":47,"position":0},"title":"About us","author":"Paola C\u00e1rdenas","date":"August 19, 2021","format":false,"excerpt":"Laura Patricia M\u00e9ndez Ord\u00f3nez , mejor conocido como 2. PI Psicolog\u00eda Integral , con domicilio en calle Fray Jun\u00edpero Serra 305, colonia Roble 2do sector, ciudad Monterrey, municipio o delegaci\u00f3n San Nicol\u00e1s de los Garza, c.p. 66450, en la entidad de Nuevo Le\u00f3n, pa\u00eds M\u00e9xico , y portal de internet\u2026","rel":"","context":"Similar post","block_context":{"text":"Similar post","link":""},"img":{"alt_text":"","src":"","width":0,"height":0},"classes":[]},{"id":16,"url":"https:\/\/pipsicologiaintegral.com\/en\/quienes-somos\/","url_meta":{"origin":47,"position":1},"title":"About us","author":"lpatriciamendez","date":"July 5, 2021","format":false,"excerpt":"Pi Psicolog\u00eda Integral fue fundada en 2018 por la Lic. Patricia M\u00e9ndez, como una respuesta a la alta demanda de su consulta y con la intenci\u00f3n de seguir dando atenci\u00f3n a m\u00e1s personas que lo necesiten, a trav\u00e9s de una red de psicoterapeutas supervisados por ella. De esta manera, la\u2026","rel":"","context":"Similar post","block_context":{"text":"Similar post","link":""},"img":{"alt_text":"","src":"","width":0,"height":0},"classes":[]},{"id":11383,"url":"https:\/\/pipsicologiaintegral.com\/en\/unete-al-equipo-2\/","url_meta":{"origin":47,"position":2},"title":"Join our team","author":"Paola C\u00e1rdenas","date":"November 1, 2021","format":false,"excerpt":"\u00a1\u00danete al equipo! En Pi, participamos de la formaci\u00f3n de estudiantes, reci\u00e9n egresados y psic\u00f3logos con experiencia, interesados en brindar psicoterapia con enfoque psicoanal\u00edtico, supervisados de manera gratuita por la Lic. Patricia M\u00e9ndez. Adem\u00e1s, puedes formar parte de diversos proyectos en escuelas y empresas, plataformas de comunicaci\u00f3n y mucho m\u00e1s.\u2026","rel":"","context":"Similar post","block_context":{"text":"Similar post","link":""},"img":{"alt_text":"","src":"https:\/\/i0.wp.com\/pipsicologiaintegral.com\/wp-content\/uploads\/2023\/04\/WhatsApp-Image-2023-04-20-at-08.15.40.jpeg?resize=350%2C200&ssl=1","width":350,"height":200,"srcset":"https:\/\/i0.wp.com\/pipsicologiaintegral.com\/wp-content\/uploads\/2023\/04\/WhatsApp-Image-2023-04-20-at-08.15.40.jpeg?resize=350%2C200&ssl=1 1x, https:\/\/i0.wp.com\/pipsicologiaintegral.com\/wp-content\/uploads\/2023\/04\/WhatsApp-Image-2023-04-20-at-08.15.40.jpeg?resize=525%2C300&ssl=1 1.5x, https:\/\/i0.wp.com\/pipsicologiaintegral.com\/wp-content\/uploads\/2023\/04\/WhatsApp-Image-2023-04-20-at-08.15.40.jpeg?resize=700%2C400&ssl=1 2x, https:\/\/i0.wp.com\/pipsicologiaintegral.com\/wp-content\/uploads\/2023\/04\/WhatsApp-Image-2023-04-20-at-08.15.40.jpeg?resize=1050%2C600&ssl=1 3x"},"classes":[]},{"id":9779,"url":"https:\/\/pipsicologiaintegral.com\/en\/unete-al-equipo\/","url_meta":{"origin":47,"position":3},"title":"Contact us","author":"Paola C\u00e1rdenas","date":"August 6, 2021","format":false,"excerpt":"Vis\u00edtanos Pi Psicolog\u00eda Integral se encuentra en Fray Jun\u00edpero Serra 305, C.P 66450. San Nicol\u00e1s de los Garza. Nuevo Le\u00f3n, M\u00e9xico. Cont\u00e1ctanos","rel":"","context":"Similar post","block_context":{"text":"Similar post","link":""},"img":{"alt_text":"","src":"https:\/\/i0.wp.com\/pipsicologiaintegral.com\/wp-content\/uploads\/2021\/10\/Mesa-de-trabajo-3-100-1.jpg?resize=350%2C200&ssl=1","width":350,"height":200,"srcset":"https:\/\/i0.wp.com\/pipsicologiaintegral.com\/wp-content\/uploads\/2021\/10\/Mesa-de-trabajo-3-100-1.jpg?resize=350%2C200&ssl=1 1x, https:\/\/i0.wp.com\/pipsicologiaintegral.com\/wp-content\/uploads\/2021\/10\/Mesa-de-trabajo-3-100-1.jpg?resize=525%2C300&ssl=1 1.5x, https:\/\/i0.wp.com\/pipsicologiaintegral.com\/wp-content\/uploads\/2021\/10\/Mesa-de-trabajo-3-100-1.jpg?resize=700%2C400&ssl=1 2x, https:\/\/i0.wp.com\/pipsicologiaintegral.com\/wp-content\/uploads\/2021\/10\/Mesa-de-trabajo-3-100-1.jpg?resize=1050%2C600&ssl=1 3x, https:\/\/i0.wp.com\/pipsicologiaintegral.com\/wp-content\/uploads\/2021\/10\/Mesa-de-trabajo-3-100-1.jpg?resize=1400%2C800&ssl=1 4x"},"classes":[]},{"id":53,"url":"https:\/\/pipsicologiaintegral.com\/en\/pi-en-tu-empresa\/","url_meta":{"origin":47,"position":4},"title":"PI for your company","author":"lpatriciamendez","date":"July 5, 2021","format":false,"excerpt":"El espacio de trabajo puede ser un segundo hogar, donde las problem\u00e1ticas individuales afectan al grupo, su productividad y resultados. Con esto en mente, Pi ofrece una gama de servicios, para que cada individuo que forma parte del equipo tenga una buena calidad de vida y, como resultado, tu empresa\u2026","rel":"","context":"Similar post","block_context":{"text":"Similar post","link":""},"img":{"alt_text":"","src":"","width":0,"height":0},"classes":[]}],"jetpack_sharing_enabled":true,"jetpack_likes_enabled":true,"_links":{"self":[{"href":"https:\/\/pipsicologiaintegral.com\/en\/wp-json\/wp\/v2\/pages\/47","targetHints":{"allow":["GET"]}}],"collection":[{"href":"https:\/\/pipsicologiaintegral.com\/en\/wp-json\/wp\/v2\/pages"}],"about":[{"href":"https:\/\/pipsicologiaintegral.com\/en\/wp-json\/wp\/v2\/types\/page"}],"author":[{"embeddable":true,"href":"https:\/\/pipsicologiaintegral.com\/en\/wp-json\/wp\/v2\/users\/1"}],"replies":[{"embeddable":true,"href":"https:\/\/pipsicologiaintegral.com\/en\/wp-json\/wp\/v2\/comments?post=47"}],"version-history":[{"count":6,"href":"https:\/\/pipsicologiaintegral.com\/en\/wp-json\/wp\/v2\/pages\/47\/revisions"}],"predecessor-version":[{"id":26903,"href":"https:\/\/pipsicologiaintegral.com\/en\/wp-json\/wp\/v2\/pages\/47\/revisions\/26903"}],"wp:attachment":[{"href":"https:\/\/pipsicologiaintegral.com\/en\/wp-json\/wp\/v2\/media?parent=47"}],"curies":[{"name":"wp","href":"https:\/\/api.w.org\/{rel}","templated":true}]}}