{"id":20,"date":"2021-07-05T18:41:21","date_gmt":"2021-07-05T18:41:21","guid":{"rendered":"https:\/\/pipsicologiaintegral.com\/?page_id=20"},"modified":"2021-11-02T23:52:47","modified_gmt":"2021-11-02T23:52:47","slug":"servicios","status":"publish","type":"page","link":"https:\/\/pipsicologiaintegral.com\/en\/servicios\/","title":{"rendered":"Services"},"content":{"rendered":"<p class=\"has-text-align-justify has-medium-font-size\"><strong>Pi Psicolog\u00eda Integral <\/strong>is a clinical psychology specialized practice, strongly committed to mental health. <strong>We offer<\/strong> <strong>a wide array of services<\/strong> from psychotherapy for all ages, <strong>to interventions in schools and companies. <\/strong>We also offer courses and workshops about a variety of themes. Find out more about what we do!<\/p>\n\n\n\n<p><\/p>\n\n\n\n<ul class=\"has-medium-font-size wp-block-list\"><li><strong><a href=\"https:\/\/pipsicologiaintegral.com\/psicoterapia\/\">Psychotherapy<\/a><\/strong><\/li><\/ul>\n\n\n\n<ul class=\"has-medium-font-size wp-block-list\"><li><strong><a href=\"https:\/\/pipsicologiaintegral.com\/pi-en-tu-empresa\/\">PI for your company<\/a><\/strong><\/li><\/ul>\n\n\n\n<ul class=\"has-medium-font-size wp-block-list\"><li><strong><a href=\"https:\/\/pipsicologiaintegral.com\/pi-en-tu-escuela\/\">PI for your school<\/a><\/strong><\/li><\/ul>\n\n\n\n<ul class=\"has-medium-font-size wp-block-list\"><li><strong><a href=\"https:\/\/pipsicologiaintegral.com\/talleres-y-cursos\/\">Courses and workshops<\/a><\/strong><\/li><\/ul>","protected":false},"excerpt":{"rendered":"<p>Pi Psicolog\u00eda Integral es una cl\u00ednica especializada comprometida con la salud mental, que ofrece servicios de psicoterapia a personas de todas las edades, as\u00ed como a empresas y a escuelas. Adem\u00e1s, ofrecemos cursos y talleres sobre una variedad de temas. \u00a1Conoce nuestros servicios! Psicoterapia Pi en tu empresa Pi en tu escuela Talleres y cursos<\/p>","protected":false},"author":1,"featured_media":0,"parent":0,"menu_order":0,"comment_status":"closed","ping_status":"closed","template":"templates\/fullwidth.php","meta":{"nf_dc_page":"","om_disable_all_campaigns":false,"_monsterinsights_skip_tracking":false,"_monsterinsights_sitenote_active":false,"_monsterinsights_sitenote_note":"","_monsterinsights_sitenote_category":0,"footnotes":""},"class_list":["post-20","page","type-page","status-publish","hentry"],"aioseo_notices":[],"jetpack-related-posts":[{"id":53,"url":"https:\/\/pipsicologiaintegral.com\/en\/pi-en-tu-empresa\/","url_meta":{"origin":20,"position":0},"title":"PI for your company","author":"lpatriciamendez","date":"July 5, 2021","format":false,"excerpt":"El espacio de trabajo puede ser un segundo hogar, donde las problem\u00e1ticas individuales afectan al grupo, su productividad y resultados. Con esto en mente, Pi ofrece una gama de servicios, para que cada individuo que forma parte del equipo tenga una buena calidad de vida y, como resultado, tu empresa\u2026","rel":"","context":"Similar post","block_context":{"text":"Similar post","link":""},"img":{"alt_text":"","src":"","width":0,"height":0},"classes":[]},{"id":16,"url":"https:\/\/pipsicologiaintegral.com\/en\/quienes-somos\/","url_meta":{"origin":20,"position":1},"title":"About us","author":"lpatriciamendez","date":"July 5, 2021","format":false,"excerpt":"Pi Psicolog\u00eda Integral fue fundada en 2018 por la Lic. Patricia M\u00e9ndez, como una respuesta a la alta demanda de su consulta y con la intenci\u00f3n de seguir dando atenci\u00f3n a m\u00e1s personas que lo necesiten, a trav\u00e9s de una red de psicoterapeutas supervisados por ella. De esta manera, la\u2026","rel":"","context":"Similar post","block_context":{"text":"Similar post","link":""},"img":{"alt_text":"","src":"","width":0,"height":0},"classes":[]},{"id":11383,"url":"https:\/\/pipsicologiaintegral.com\/en\/unete-al-equipo-2\/","url_meta":{"origin":20,"position":2},"title":"Join our team","author":"Paola C\u00e1rdenas","date":"November 1, 2021","format":false,"excerpt":"\u00a1\u00danete al equipo! En Pi, participamos de la formaci\u00f3n de estudiantes, reci\u00e9n egresados y psic\u00f3logos con experiencia, interesados en brindar psicoterapia con enfoque psicoanal\u00edtico, supervisados de manera gratuita por la Lic. Patricia M\u00e9ndez. Adem\u00e1s, puedes formar parte de diversos proyectos en escuelas y empresas, plataformas de comunicaci\u00f3n y mucho m\u00e1s.\u2026","rel":"","context":"Similar post","block_context":{"text":"Similar post","link":""},"img":{"alt_text":"","src":"https:\/\/i0.wp.com\/pipsicologiaintegral.com\/wp-content\/uploads\/2023\/04\/WhatsApp-Image-2023-04-20-at-08.15.40.jpeg?resize=350%2C200&ssl=1","width":350,"height":200,"srcset":"https:\/\/i0.wp.com\/pipsicologiaintegral.com\/wp-content\/uploads\/2023\/04\/WhatsApp-Image-2023-04-20-at-08.15.40.jpeg?resize=350%2C200&ssl=1 1x, https:\/\/i0.wp.com\/pipsicologiaintegral.com\/wp-content\/uploads\/2023\/04\/WhatsApp-Image-2023-04-20-at-08.15.40.jpeg?resize=525%2C300&ssl=1 1.5x, https:\/\/i0.wp.com\/pipsicologiaintegral.com\/wp-content\/uploads\/2023\/04\/WhatsApp-Image-2023-04-20-at-08.15.40.jpeg?resize=700%2C400&ssl=1 2x, https:\/\/i0.wp.com\/pipsicologiaintegral.com\/wp-content\/uploads\/2023\/04\/WhatsApp-Image-2023-04-20-at-08.15.40.jpeg?resize=1050%2C600&ssl=1 3x"},"classes":[]},{"id":49,"url":"https:\/\/pipsicologiaintegral.com\/en\/psicoterapia\/","url_meta":{"origin":20,"position":3},"title":"Psychotherapy","author":"lpatriciamendez","date":"July 5, 2021","format":false,"excerpt":"La psicoterapia es la base de todo lo que hacemos. Con un enfoque psicoanal\u00edtico, atendemos a ni\u00f1os, adolescentes y adultos de manera individual, familiar y en pareja. Tambi\u00e9n contamos con terapia de grupo donde abordamos diferentes dificultades emocionales: dependencia, ansiedad, p\u00e9rdidas, entre otras. Tenemos un equipo con diferentes \u00e1reas de\u2026","rel":"","context":"Similar post","block_context":{"text":"Similar post","link":""},"img":{"alt_text":"","src":"","width":0,"height":0},"classes":[]},{"id":9912,"url":"https:\/\/pipsicologiaintegral.com\/en\/aviso-de-privacidad\/","url_meta":{"origin":20,"position":4},"title":"About us","author":"Paola C\u00e1rdenas","date":"August 19, 2021","format":false,"excerpt":"Laura Patricia M\u00e9ndez Ord\u00f3nez , mejor conocido como 2. PI Psicolog\u00eda Integral , con domicilio en calle Fray Jun\u00edpero Serra 305, colonia Roble 2do sector, ciudad Monterrey, municipio o delegaci\u00f3n San Nicol\u00e1s de los Garza, c.p. 66450, en la entidad de Nuevo Le\u00f3n, pa\u00eds M\u00e9xico , y portal de internet\u2026","rel":"","context":"Similar post","block_context":{"text":"Similar post","link":""},"img":{"alt_text":"","src":"","width":0,"height":0},"classes":[]},{"id":51,"url":"https:\/\/pipsicologiaintegral.com\/en\/pi-en-tu-escuela\/","url_meta":{"origin":20,"position":5},"title":"Pi for your school","author":"lpatriciamendez","date":"July 5, 2021","format":false,"excerpt":"La colaboraci\u00f3n con centros educativos est\u00e1 basada en la identificaci\u00f3n de necesidades dentro del contexto escolar y una valoraci\u00f3n individual de sus alumnos, con el objetivo de eliminar las barreras que impiden su desarrollo en el \u00e1mbito acad\u00e9mico y social. Dependiendo de cada caso, nuestra intervenci\u00f3n consiste en una combinaci\u00f3n\u2026","rel":"","context":"Similar post","block_context":{"text":"Similar post","link":""},"img":{"alt_text":"","src":"","width":0,"height":0},"classes":[]}],"jetpack_sharing_enabled":true,"jetpack_likes_enabled":true,"_links":{"self":[{"href":"https:\/\/pipsicologiaintegral.com\/en\/wp-json\/wp\/v2\/pages\/20","targetHints":{"allow":["GET"]}}],"collection":[{"href":"https:\/\/pipsicologiaintegral.com\/en\/wp-json\/wp\/v2\/pages"}],"about":[{"href":"https:\/\/pipsicologiaintegral.com\/en\/wp-json\/wp\/v2\/types\/page"}],"author":[{"embeddable":true,"href":"https:\/\/pipsicologiaintegral.com\/en\/wp-json\/wp\/v2\/users\/1"}],"replies":[{"embeddable":true,"href":"https:\/\/pipsicologiaintegral.com\/en\/wp-json\/wp\/v2\/comments?post=20"}],"version-history":[{"count":5,"href":"https:\/\/pipsicologiaintegral.com\/en\/wp-json\/wp\/v2\/pages\/20\/revisions"}],"predecessor-version":[{"id":11475,"href":"https:\/\/pipsicologiaintegral.com\/en\/wp-json\/wp\/v2\/pages\/20\/revisions\/11475"}],"wp:attachment":[{"href":"https:\/\/pipsicologiaintegral.com\/en\/wp-json\/wp\/v2\/media?parent=20"}],"curies":[{"name":"wp","href":"https:\/\/api.w.org\/{rel}","templated":true}]}}