{"id":16,"date":"2021-07-05T18:39:15","date_gmt":"2021-07-05T18:39:15","guid":{"rendered":"https:\/\/pipsicologiaintegral.com\/?page_id=16"},"modified":"2024-02-08T20:19:27","modified_gmt":"2024-02-08T20:19:27","slug":"quienes-somos","status":"publish","type":"page","link":"https:\/\/pipsicologiaintegral.com\/en\/quienes-somos\/","title":{"rendered":"About us"},"content":{"rendered":"<p class=\"has-text-align-justify has-medium-font-size\"><strong>Pi Psicolog\u00eda Integral<\/strong> was founded in 2018 by <strong><a href=\"https:\/\/pipsicologiaintegral.com\/psicologos-pi\/\">Clinical Psychologist Patricia M\u00e9ndez<\/a><\/strong>, as a response to the high demand of her independent psychotherapy practice, with the aim of treating more people that need it, through a network of psychotherapists supervised by her. This system allows the practice to also act as a space of formation, where she can share her over-30-years\u2019 experience in clinical psychology, whilst attending more people, organizations and companies.<\/p>\n\n\n\n<h2 class=\"wp-block-heading\"><strong><span style=\"color:#500975\" class=\"has-inline-color\">Our purpose<\/span><\/strong><\/h2>\n\n\n\n<p class=\"has-text-align-justify has-medium-font-size\">Transcend in the lives of people by accompanying them in the path towards improving their life through consciousness.<\/p>\n\n\n\n<h2 class=\"wp-block-heading\"><strong><span style=\"color:#500975\" class=\"has-inline-color\">Our values<\/span><\/strong><\/h2>\n\n\n\n<p class=\"has-text-align-justify has-medium-font-size\"><strong>Empathy:<\/strong> We understand the circumstances and the pain of our patients and relatives.<\/p>\n\n\n\n<p class=\"has-text-align-justify has-medium-font-size\"><strong>Integrity:<\/strong> We act in accordance with the social and ethical norms of the clinical practice.<\/p>\n\n\n\n<p class=\"has-text-align-justify has-medium-font-size\"><strong>Responsibility:<\/strong> Cumplimos nuestras actividades y funciones, y vamos mucho m\u00e1s all\u00e1.&nbsp;<\/p>\n\n\n\n<h2 class=\"wp-block-heading\"><strong><span style=\"color:#500975\" class=\"has-inline-color\">Ethical axes<\/span><\/strong><\/h2>\n\n\n\n<p class=\"has-text-align-justify has-medium-font-size\">All the psychologists that make up <strong>Pi Psicolog\u00eda Integral <\/strong>have a clinical focus and work under a professional ethics sustained in empathy and human connection. We rely on our wide experience, as well as on a constant theoretical and scientific update, to help our patients understand and verbalize the circumstances that happen to them on their day-to-day, thus improving their quality of life.&nbsp;<\/p>\n\n\n\n<h2 class=\"wp-block-heading\"><strong><span style=\"color:#500975\" class=\"has-inline-color\">Pi formation<\/span><\/strong><\/h2>\n\n\n\n<p class=\"has-text-align-justify has-medium-font-size\">A crucial part of our mission is to provide psychologists \u2013both students and graduates\u2013 a holistic and advanced formation in psychology that encompasses the ethical, professional, and humane. This allows Pi to offer different fees on the various treatments provided, without compromising the quality of the services.<\/p>\n\n\n\n<p class=\"\"><\/p>","protected":false},"excerpt":{"rendered":"<p>Pi Psicolog\u00eda Integral fue fundada en 2018 por la Lic. Patricia M\u00e9ndez, como una respuesta a la alta demanda de su consulta y con la intenci\u00f3n de seguir dando atenci\u00f3n a m\u00e1s personas que lo necesiten, a trav\u00e9s de una red de psicoterapeutas supervisados por ella. De esta manera, la cl\u00ednica tambi\u00e9n funge como un [&hellip;]<\/p>\n","protected":false},"author":1,"featured_media":0,"parent":0,"menu_order":0,"comment_status":"closed","ping_status":"closed","template":"templates\/fullwidth.php","meta":{"nf_dc_page":"","om_disable_all_campaigns":false,"_monsterinsights_skip_tracking":false,"_monsterinsights_sitenote_active":false,"_monsterinsights_sitenote_note":"","_monsterinsights_sitenote_category":0,"footnotes":""},"class_list":["post-16","page","type-page","status-publish","hentry"],"aioseo_notices":[],"jetpack-related-posts":[{"id":47,"url":"https:\/\/pipsicologiaintegral.com\/en\/psicologos-pi\/","url_meta":{"origin":16,"position":0},"title":"Nuestro Origen","author":"lpatriciamendez","date":"July 5, 2021","format":false,"excerpt":"Patricia M\u00e9ndez Patricia M\u00e9ndez es psic\u00f3loga cl\u00ednica, egresada de la Facultad de Psicolog\u00eda de la Universidad Aut\u00f3noma de Nuevo Le\u00f3n, con formaci\u00f3n psicoanal\u00edtica (1988). Por 35 a\u00f1os, ha trabajado en la consulta individual, de pareja y familiar.\u00a0 Recibi\u00f3 entrenamiento para pacientes internos adictos por Unidos A.C. (1999) as\u00ed como entrenamiento\u2026","rel":"","context":"Similar post","block_context":{"text":"Similar post","link":""},"img":{"alt_text":"","src":"","width":0,"height":0},"classes":[]},{"id":20,"url":"https:\/\/pipsicologiaintegral.com\/en\/servicios\/","url_meta":{"origin":16,"position":1},"title":"Services","author":"lpatriciamendez","date":"July 5, 2021","format":false,"excerpt":"Pi Psicolog\u00eda Integral es una cl\u00ednica especializada comprometida con la salud mental, que ofrece servicios de psicoterapia a personas de todas las edades, as\u00ed como a empresas y a escuelas. Adem\u00e1s, ofrecemos cursos y talleres sobre una variedad de temas. \u00a1Conoce nuestros servicios! Psicoterapia Pi en tu empresa Pi en\u2026","rel":"","context":"Similar post","block_context":{"text":"Similar post","link":""},"img":{"alt_text":"","src":"","width":0,"height":0},"classes":[]},{"id":9912,"url":"https:\/\/pipsicologiaintegral.com\/en\/aviso-de-privacidad\/","url_meta":{"origin":16,"position":2},"title":"About us","author":"Paola C\u00e1rdenas","date":"August 19, 2021","format":false,"excerpt":"Laura Patricia M\u00e9ndez Ord\u00f3nez , mejor conocido como 2. PI Psicolog\u00eda Integral , con domicilio en calle Fray Jun\u00edpero Serra 305, colonia Roble 2do sector, ciudad Monterrey, municipio o delegaci\u00f3n San Nicol\u00e1s de los Garza, c.p. 66450, en la entidad de Nuevo Le\u00f3n, pa\u00eds M\u00e9xico , y portal de internet\u2026","rel":"","context":"Similar post","block_context":{"text":"Similar post","link":""},"img":{"alt_text":"","src":"","width":0,"height":0},"classes":[]},{"id":9779,"url":"https:\/\/pipsicologiaintegral.com\/en\/unete-al-equipo\/","url_meta":{"origin":16,"position":3},"title":"Contact us","author":"Paola C\u00e1rdenas","date":"August 6, 2021","format":false,"excerpt":"Vis\u00edtanos Pi Psicolog\u00eda Integral se encuentra en Fray Jun\u00edpero Serra 305, C.P 66450. San Nicol\u00e1s de los Garza. Nuevo Le\u00f3n, M\u00e9xico. Cont\u00e1ctanos","rel":"","context":"Similar post","block_context":{"text":"Similar post","link":""},"img":{"alt_text":"","src":"https:\/\/i0.wp.com\/pipsicologiaintegral.com\/wp-content\/uploads\/2021\/10\/Mesa-de-trabajo-3-100-1.jpg?resize=350%2C200&ssl=1","width":350,"height":200,"srcset":"https:\/\/i0.wp.com\/pipsicologiaintegral.com\/wp-content\/uploads\/2021\/10\/Mesa-de-trabajo-3-100-1.jpg?resize=350%2C200&ssl=1 1x, https:\/\/i0.wp.com\/pipsicologiaintegral.com\/wp-content\/uploads\/2021\/10\/Mesa-de-trabajo-3-100-1.jpg?resize=525%2C300&ssl=1 1.5x, https:\/\/i0.wp.com\/pipsicologiaintegral.com\/wp-content\/uploads\/2021\/10\/Mesa-de-trabajo-3-100-1.jpg?resize=700%2C400&ssl=1 2x, https:\/\/i0.wp.com\/pipsicologiaintegral.com\/wp-content\/uploads\/2021\/10\/Mesa-de-trabajo-3-100-1.jpg?resize=1050%2C600&ssl=1 3x, https:\/\/i0.wp.com\/pipsicologiaintegral.com\/wp-content\/uploads\/2021\/10\/Mesa-de-trabajo-3-100-1.jpg?resize=1400%2C800&ssl=1 4x"},"classes":[]},{"id":51,"url":"https:\/\/pipsicologiaintegral.com\/en\/pi-en-tu-escuela\/","url_meta":{"origin":16,"position":4},"title":"Pi for your school","author":"lpatriciamendez","date":"July 5, 2021","format":false,"excerpt":"La colaboraci\u00f3n con centros educativos est\u00e1 basada en la identificaci\u00f3n de necesidades dentro del contexto escolar y una valoraci\u00f3n individual de sus alumnos, con el objetivo de eliminar las barreras que impiden su desarrollo en el \u00e1mbito acad\u00e9mico y social. Dependiendo de cada caso, nuestra intervenci\u00f3n consiste en una combinaci\u00f3n\u2026","rel":"","context":"Similar post","block_context":{"text":"Similar post","link":""},"img":{"alt_text":"","src":"","width":0,"height":0},"classes":[]},{"id":9925,"url":"https:\/\/pipsicologiaintegral.com\/en\/talleres-y-cursos\/","url_meta":{"origin":16,"position":5},"title":"Courses and workshops","author":"Paola C\u00e1rdenas","date":"August 19, 2021","format":false,"excerpt":"Ya sea para escuelas o empresas, en l\u00ednea o en nuestras propias instalaciones, impartimos cursos y talleres para personas de todas las edades, enfocados en los siguientes temas: Tanatolog\u00edaAdiccionesViolenciaAdolescenciaSalud mentalLiderazgoEscuela para padresCerrar ciclosInclusi\u00f3nAcosoManejo de estr\u00e9s\u00a0Trabajo en equipoInteligencia emocionalAsertividadManejo del dolorResistencias emocionales e intelectualesG\u00e9nero y sexualidad","rel":"","context":"Similar post","block_context":{"text":"Similar post","link":""},"img":{"alt_text":"","src":"","width":0,"height":0},"classes":[]}],"jetpack_sharing_enabled":true,"jetpack_likes_enabled":true,"_links":{"self":[{"href":"https:\/\/pipsicologiaintegral.com\/en\/wp-json\/wp\/v2\/pages\/16","targetHints":{"allow":["GET"]}}],"collection":[{"href":"https:\/\/pipsicologiaintegral.com\/en\/wp-json\/wp\/v2\/pages"}],"about":[{"href":"https:\/\/pipsicologiaintegral.com\/en\/wp-json\/wp\/v2\/types\/page"}],"author":[{"embeddable":true,"href":"https:\/\/pipsicologiaintegral.com\/en\/wp-json\/wp\/v2\/users\/1"}],"replies":[{"embeddable":true,"href":"https:\/\/pipsicologiaintegral.com\/en\/wp-json\/wp\/v2\/comments?post=16"}],"version-history":[{"count":5,"href":"https:\/\/pipsicologiaintegral.com\/en\/wp-json\/wp\/v2\/pages\/16\/revisions"}],"predecessor-version":[{"id":26901,"href":"https:\/\/pipsicologiaintegral.com\/en\/wp-json\/wp\/v2\/pages\/16\/revisions\/26901"}],"wp:attachment":[{"href":"https:\/\/pipsicologiaintegral.com\/en\/wp-json\/wp\/v2\/media?parent=16"}],"curies":[{"name":"wp","href":"https:\/\/api.w.org\/{rel}","templated":true}]}}