{"id":11383,"date":"2021-11-01T01:54:38","date_gmt":"2021-11-01T01:54:38","guid":{"rendered":"https:\/\/pipsicologiaintegral.com\/?page_id=11383"},"modified":"2023-04-26T19:22:17","modified_gmt":"2023-04-26T19:22:17","slug":"unete-al-equipo-2","status":"publish","type":"page","link":"https:\/\/pipsicologiaintegral.com\/en\/unete-al-equipo-2\/","title":{"rendered":"Join our team"},"content":{"rendered":"\n<p class=\"has-text-align-justify has-medium-font-size\">\u00a1\u00danete al equipo! En Pi, participamos de la <strong>formaci\u00f3n de estudiantes, reci\u00e9n egresados y<\/strong> <strong>psic\u00f3logos con experiencia<\/strong>, interesados en brindar <strong>psicoterapia con enfoque psicoanal\u00edtico<\/strong>, supervisados de manera gratuita por la <strong>Lic. Patricia M\u00e9ndez<\/strong>. Adem\u00e1s, puedes formar parte de diversos proyectos en escuelas y empresas, plataformas de comunicaci\u00f3n y mucho m\u00e1s.<\/p>\n\n\n\n<p class=\"has-medium-font-size\">Env\u00edanos tu CV \u00a1Queremos conocerte!<\/p>\n\n\n\n<p><\/p>\n\n\n<div class=\"wp-block-image\">\n<figure class=\"aligncenter size-large\"><img data-recalc-dims=\"1\" fetchpriority=\"high\" decoding=\"async\" width=\"640\" height=\"640\" src=\"https:\/\/i0.wp.com\/pipsicologiaintegral.com\/wp-content\/uploads\/2023\/04\/WhatsApp-Image-2023-04-20-at-08.15.40.jpeg?resize=640%2C640&#038;ssl=1\" alt=\"\" class=\"wp-image-22084\" srcset=\"https:\/\/i0.wp.com\/pipsicologiaintegral.com\/wp-content\/uploads\/2023\/04\/WhatsApp-Image-2023-04-20-at-08.15.40.jpeg?resize=1024%2C1024&amp;ssl=1 1024w, https:\/\/i0.wp.com\/pipsicologiaintegral.com\/wp-content\/uploads\/2023\/04\/WhatsApp-Image-2023-04-20-at-08.15.40.jpeg?resize=300%2C300&amp;ssl=1 300w, https:\/\/i0.wp.com\/pipsicologiaintegral.com\/wp-content\/uploads\/2023\/04\/WhatsApp-Image-2023-04-20-at-08.15.40.jpeg?resize=150%2C150&amp;ssl=1 150w, https:\/\/i0.wp.com\/pipsicologiaintegral.com\/wp-content\/uploads\/2023\/04\/WhatsApp-Image-2023-04-20-at-08.15.40.jpeg?resize=768%2C768&amp;ssl=1 768w, https:\/\/i0.wp.com\/pipsicologiaintegral.com\/wp-content\/uploads\/2023\/04\/WhatsApp-Image-2023-04-20-at-08.15.40.jpeg?resize=12%2C12&amp;ssl=1 12w, https:\/\/i0.wp.com\/pipsicologiaintegral.com\/wp-content\/uploads\/2023\/04\/WhatsApp-Image-2023-04-20-at-08.15.40.jpeg?w=1080&amp;ssl=1 1080w\" sizes=\"(max-width: 640px) 100vw, 640px\" \/><\/figure>\n<\/div>\n\n\n<p><\/p>\n\n\n\n<div class=\"wpcf7 no-js\" id=\"wpcf7-f291-o1\" lang=\"en-US\" dir=\"ltr\" data-wpcf7-id=\"291\">\n<div class=\"screen-reader-response\"><p role=\"status\" aria-live=\"polite\" aria-atomic=\"true\"><\/p> <ul><\/ul><\/div>\n<form action=\"\/en\/wp-json\/wp\/v2\/pages\/11383#wpcf7-f291-o1\" method=\"post\" class=\"wpcf7-form init\" aria-label=\"Contact form\" enctype=\"multipart\/form-data\" novalidate=\"novalidate\" data-status=\"init\">\n<fieldset class=\"hidden-fields-container\"><input type=\"hidden\" name=\"_wpcf7\" value=\"291\" \/><input type=\"hidden\" name=\"_wpcf7_version\" value=\"6.1.5\" \/><input type=\"hidden\" name=\"_wpcf7_locale\" value=\"en_US\" \/><input type=\"hidden\" name=\"_wpcf7_unit_tag\" value=\"wpcf7-f291-o1\" \/><input type=\"hidden\" name=\"_wpcf7_container_post\" value=\"0\" \/><input type=\"hidden\" name=\"_wpcf7_posted_data_hash\" value=\"\" \/>\n<\/fieldset>\n<p><label> Nombre completo<br \/>\n<span class=\"wpcf7-form-control-wrap\" data-name=\"nombre-completo\"><input size=\"40\" maxlength=\"400\" class=\"wpcf7-form-control wpcf7-text wpcf7-validates-as-required\" aria-required=\"true\" aria-invalid=\"false\" value=\"\" type=\"text\" name=\"nombre-completo\" \/><\/span> <\/label>\n<\/p>\n<p><label> Correo electr\u00f3nico<br \/>\n<span class=\"wpcf7-form-control-wrap\" data-name=\"tu-correo\"><input size=\"40\" maxlength=\"400\" class=\"wpcf7-form-control wpcf7-email wpcf7-validates-as-required wpcf7-text wpcf7-validates-as-email\" aria-required=\"true\" aria-invalid=\"false\" value=\"\" type=\"email\" name=\"tu-correo\" \/><\/span> <\/label>\n<\/p>\n<p><label> \u00bfPor qu\u00e9 te gustar\u00eda trabajar en PI?<br \/>\n<span class=\"wpcf7-form-control-wrap\" data-name=\"your-message\"><textarea cols=\"40\" rows=\"10\" maxlength=\"2000\" class=\"wpcf7-form-control wpcf7-textarea\" aria-invalid=\"false\" name=\"your-message\"><\/textarea><\/span> <\/label>\n<\/p>\n<p><span class=\"wpcf7-form-control-wrap\" data-name=\"CV\"><input size=\"40\" class=\"wpcf7-form-control wpcf7-file wpcf7-validates-as-required\" accept=\".pdf\" aria-required=\"true\" aria-invalid=\"false\" type=\"file\" name=\"CV\" \/><\/span>\n<\/p>\n<p><input class=\"wpcf7-form-control wpcf7-submit has-spinner\" type=\"submit\" value=\"Enviar\" \/>\n<\/p><p style=\"display: none !important;\" class=\"akismet-fields-container\" data-prefix=\"_wpcf7_ak_\"><label>&#916;<textarea name=\"_wpcf7_ak_hp_textarea\" cols=\"45\" rows=\"8\" maxlength=\"100\"><\/textarea><\/label><input type=\"hidden\" id=\"ak_js_1\" name=\"_wpcf7_ak_js\" value=\"97\"\/><script type=\"text\/javascript\">\n\/* <![CDATA[ *\/\ndocument.getElementById( \"ak_js_1\" ).setAttribute( \"value\", ( new Date() ).getTime() );\n\/* ]]> *\/\n<\/script>\n<\/p><div class=\"wpcf7-response-output\" aria-hidden=\"true\"><\/div>\n<\/form>\n<\/div>\n\n","protected":false},"excerpt":{"rendered":"<p>\u00a1\u00danete al equipo! En Pi, participamos de la formaci\u00f3n de estudiantes, reci\u00e9n egresados y psic\u00f3logos con experiencia, interesados en brindar psicoterapia con enfoque psicoanal\u00edtico, supervisados de manera gratuita por la Lic. Patricia M\u00e9ndez. Adem\u00e1s, puedes formar parte de diversos proyectos en escuelas y empresas, plataformas de comunicaci\u00f3n y mucho m\u00e1s. Env\u00edanos tu CV \u00a1Queremos conocerte!<\/p>","protected":false},"author":3,"featured_media":0,"parent":0,"menu_order":0,"comment_status":"closed","ping_status":"closed","template":"templates\/fullwidth.php","meta":{"nf_dc_page":"","om_disable_all_campaigns":false,"_monsterinsights_skip_tracking":false,"_monsterinsights_sitenote_active":false,"_monsterinsights_sitenote_note":"","_monsterinsights_sitenote_category":0,"footnotes":""},"class_list":["post-11383","page","type-page","status-publish","hentry"],"aioseo_notices":[],"jetpack-related-posts":[{"id":9779,"url":"https:\/\/pipsicologiaintegral.com\/en\/unete-al-equipo\/","url_meta":{"origin":11383,"position":0},"title":"Contact us","author":"Paola C\u00e1rdenas","date":"August 6, 2021","format":false,"excerpt":"Vis\u00edtanos Pi Psicolog\u00eda Integral se encuentra en Fray Jun\u00edpero Serra 305, C.P 66450. San Nicol\u00e1s de los Garza. Nuevo Le\u00f3n, M\u00e9xico. Cont\u00e1ctanos","rel":"","context":"Similar post","block_context":{"text":"Similar post","link":""},"img":{"alt_text":"","src":"https:\/\/i0.wp.com\/pipsicologiaintegral.com\/wp-content\/uploads\/2021\/10\/Mesa-de-trabajo-3-100-1.jpg?resize=350%2C200&ssl=1","width":350,"height":200,"srcset":"https:\/\/i0.wp.com\/pipsicologiaintegral.com\/wp-content\/uploads\/2021\/10\/Mesa-de-trabajo-3-100-1.jpg?resize=350%2C200&ssl=1 1x, https:\/\/i0.wp.com\/pipsicologiaintegral.com\/wp-content\/uploads\/2021\/10\/Mesa-de-trabajo-3-100-1.jpg?resize=525%2C300&ssl=1 1.5x, https:\/\/i0.wp.com\/pipsicologiaintegral.com\/wp-content\/uploads\/2021\/10\/Mesa-de-trabajo-3-100-1.jpg?resize=700%2C400&ssl=1 2x, https:\/\/i0.wp.com\/pipsicologiaintegral.com\/wp-content\/uploads\/2021\/10\/Mesa-de-trabajo-3-100-1.jpg?resize=1050%2C600&ssl=1 3x, https:\/\/i0.wp.com\/pipsicologiaintegral.com\/wp-content\/uploads\/2021\/10\/Mesa-de-trabajo-3-100-1.jpg?resize=1400%2C800&ssl=1 4x"},"classes":[]},{"id":53,"url":"https:\/\/pipsicologiaintegral.com\/en\/pi-en-tu-empresa\/","url_meta":{"origin":11383,"position":1},"title":"PI for your company","author":"lpatriciamendez","date":"July 5, 2021","format":false,"excerpt":"El espacio de trabajo puede ser un segundo hogar, donde las problem\u00e1ticas individuales afectan al grupo, su productividad y resultados. Con esto en mente, Pi ofrece una gama de servicios, para que cada individuo que forma parte del equipo tenga una buena calidad de vida y, como resultado, tu empresa\u2026","rel":"","context":"Similar post","block_context":{"text":"Similar post","link":""},"img":{"alt_text":"","src":"","width":0,"height":0},"classes":[]},{"id":9925,"url":"https:\/\/pipsicologiaintegral.com\/en\/talleres-y-cursos\/","url_meta":{"origin":11383,"position":2},"title":"Courses and workshops","author":"Paola C\u00e1rdenas","date":"August 19, 2021","format":false,"excerpt":"Ya sea para escuelas o empresas, en l\u00ednea o en nuestras propias instalaciones, impartimos cursos y talleres para personas de todas las edades, enfocados en los siguientes temas: Tanatolog\u00edaAdiccionesViolenciaAdolescenciaSalud mentalLiderazgoEscuela para padresCerrar ciclosInclusi\u00f3nAcosoManejo de estr\u00e9s\u00a0Trabajo en equipoInteligencia emocionalAsertividadManejo del dolorResistencias emocionales e intelectualesG\u00e9nero y sexualidad","rel":"","context":"Similar post","block_context":{"text":"Similar post","link":""},"img":{"alt_text":"","src":"","width":0,"height":0},"classes":[]},{"id":49,"url":"https:\/\/pipsicologiaintegral.com\/en\/psicoterapia\/","url_meta":{"origin":11383,"position":3},"title":"Psychotherapy","author":"lpatriciamendez","date":"July 5, 2021","format":false,"excerpt":"La psicoterapia es la base de todo lo que hacemos. Con un enfoque psicoanal\u00edtico, atendemos a ni\u00f1os, adolescentes y adultos de manera individual, familiar y en pareja. Tambi\u00e9n contamos con terapia de grupo donde abordamos diferentes dificultades emocionales: dependencia, ansiedad, p\u00e9rdidas, entre otras. Tenemos un equipo con diferentes \u00e1reas de\u2026","rel":"","context":"Similar post","block_context":{"text":"Similar post","link":""},"img":{"alt_text":"","src":"","width":0,"height":0},"classes":[]}],"jetpack_sharing_enabled":true,"jetpack_likes_enabled":true,"_links":{"self":[{"href":"https:\/\/pipsicologiaintegral.com\/en\/wp-json\/wp\/v2\/pages\/11383","targetHints":{"allow":["GET"]}}],"collection":[{"href":"https:\/\/pipsicologiaintegral.com\/en\/wp-json\/wp\/v2\/pages"}],"about":[{"href":"https:\/\/pipsicologiaintegral.com\/en\/wp-json\/wp\/v2\/types\/page"}],"author":[{"embeddable":true,"href":"https:\/\/pipsicologiaintegral.com\/en\/wp-json\/wp\/v2\/users\/3"}],"replies":[{"embeddable":true,"href":"https:\/\/pipsicologiaintegral.com\/en\/wp-json\/wp\/v2\/comments?post=11383"}],"version-history":[{"count":5,"href":"https:\/\/pipsicologiaintegral.com\/en\/wp-json\/wp\/v2\/pages\/11383\/revisions"}],"predecessor-version":[{"id":22085,"href":"https:\/\/pipsicologiaintegral.com\/en\/wp-json\/wp\/v2\/pages\/11383\/revisions\/22085"}],"wp:attachment":[{"href":"https:\/\/pipsicologiaintegral.com\/en\/wp-json\/wp\/v2\/media?parent=11383"}],"curies":[{"name":"wp","href":"https:\/\/api.w.org\/{rel}","templated":true}]}}